{"id":98,"date":"2024-11-07T13:23:48","date_gmt":"2024-11-07T13:23:48","guid":{"rendered":"https:\/\/kwg.staging.ctl4.school\/?page_id=98"},"modified":"2025-10-16T10:53:10","modified_gmt":"2025-10-16T09:53:10","slug":"methodencurriculum","status":"publish","type":"page","link":"https:\/\/kw-grundschule.de\/?page_id=98","title":{"rendered":"Methodencurriculum"},"content":{"rendered":"\n<p class=\"has-black-color has-text-color has-link-color wp-elements-b773c24f3b1abc94f0dec7410ec32fdc\">Im Methodencurriculum werden Lehr- und Lernformen f\u00fcr die einzelnen Schulf\u00e4cher aufgef\u00fchrt, die im Unterricht umgesetzt werden sollen. Jede Schule setzt dabei, zus\u00e4tzlich zu den f\u00fcr alle Schulen verbindlichen Methoden, eigene Schwerpunkte bei der Wahl ihrer Lehr- und Lernformen. Wenn Sie sich f\u00fcr das Methodencurriculum unserer Schule interessieren, k\u00f6nnen Sie gerne hier&nbsp;<a href=\"https:\/\/kw-grundschule.de\/images\/Dokumente\/Methodencurriculum_2014%20-%20Kopie.pdf\" target=\"_blank\" rel=\"noreferrer noopener\">weiterlesen<\/a>.<\/p>\n\n\n\n<p><\/p>\n","protected":false},"excerpt":{"rendered":"<p>Im Methodencurriculum werden Lehr- und Lernformen f\u00fcr die einzelnen Schulf\u00e4cher aufgef\u00fchrt, die im Unterricht umgesetzt [&hellip;]<\/p>\n","protected":false},"author":1,"featured_media":0,"parent":0,"menu_order":0,"comment_status":"closed","ping_status":"closed","template":"","meta":{"footnotes":""},"class_list":["post-98","page","type-page","status-publish","hentry"],"_links":{"self":[{"href":"https:\/\/kw-grundschule.de\/index.php?rest_route=\/wp\/v2\/pages\/98","targetHints":{"allow":["GET"]}}],"collection":[{"href":"https:\/\/kw-grundschule.de\/index.php?rest_route=\/wp\/v2\/pages"}],"about":[{"href":"https:\/\/kw-grundschule.de\/index.php?rest_route=\/wp\/v2\/types\/page"}],"author":[{"embeddable":true,"href":"https:\/\/kw-grundschule.de\/index.php?rest_route=\/wp\/v2\/users\/1"}],"replies":[{"embeddable":true,"href":"https:\/\/kw-grundschule.de\/index.php?rest_route=%2Fwp%2Fv2%2Fcomments&post=98"}],"version-history":[{"count":3,"href":"https:\/\/kw-grundschule.de\/index.php?rest_route=\/wp\/v2\/pages\/98\/revisions"}],"predecessor-version":[{"id":269,"href":"https:\/\/kw-grundschule.de\/index.php?rest_route=\/wp\/v2\/pages\/98\/revisions\/269"}],"wp:attachment":[{"href":"https:\/\/kw-grundschule.de\/index.php?rest_route=%2Fwp%2Fv2%2Fmedia&parent=98"}],"curies":[{"name":"wp","href":"https:\/\/api.w.org\/{rel}","templated":true}]}}