{"id":95,"date":"2024-11-07T13:23:34","date_gmt":"2024-11-07T13:23:34","guid":{"rendered":"https:\/\/kwg.staging.ctl4.school\/?page_id=95"},"modified":"2025-10-16T10:51:21","modified_gmt":"2025-10-16T09:51:21","slug":"leitbild","status":"publish","type":"page","link":"https:\/\/kw-grundschule.de\/?page_id=95","title":{"rendered":"Leitbild"},"content":{"rendered":"\n<blockquote class=\"wp-block-quote is-layout-flow wp-block-quote-is-layout-flow\">\n<p class=\"has-black-color has-text-color has-link-color wp-elements-0b17cd2ce83c66faef1c06c13da3b6cc\">Die Konrad- Widerholt Grundschule ist eine Ganztagsschule in offener Form.<\/p>\n<\/blockquote>\n\n\n\n<p class=\"has-black-color has-text-color has-link-color has-larger-font-size wp-elements-636aee422274a602d940d10b181fbfb5\">Unser Leitbild:<\/p>\n\n\n\n<p class=\"has-black-color has-text-color has-link-color wp-elements-cb03ee589f6ed902fb673f2483500ac3\">1. In unserer Schule erm\u00f6glichen die Lehrkr\u00e4fte den Sch\u00fclerinnen und Sch\u00fclern in einer Atmosph\u00e4re von Respekt und gegenseitiger Wertsch\u00e4tzung zu lernen. Sie werden dabei von der Schulleitung, den p\u00e4dagogischen Partnern und allen am Schulleben Beteiligten unterst\u00fctzt.<\/p>\n\n\n\n<p class=\"has-black-color has-text-color has-link-color wp-elements-5eb42677d28dfc217e7fb78b60be534c\">2. Durch verschiedenartige Lernangebote f\u00f6rdern wir den individuellen Lern- und Entwicklungsprozess unserer Sch\u00fclerinnen und Sch\u00fcler.<\/p>\n\n\n\n<p class=\"has-black-color has-text-color has-link-color wp-elements-fec4080c646f1779180d278792ad4352\">3. Wir begleiten und unterst\u00fctzen unsere Sch\u00fclerinnen und Sch\u00fcler auf ihrem Weg zu sozialer und personaler Kompetenz.<\/p>\n\n\n\n<p class=\"has-black-color has-text-color has-link-color wp-elements-7d4a0f43b5a268d4c514a1df7ce49890\">4. Alle am Schulleben Beteiligten pflegen einen regen und konstruktiven Austausch und helfen einander.<\/p>\n\n\n\n<p class=\"has-black-color has-text-color has-link-color wp-elements-32ee76946b930597d3651ba60502552e\">5. Wir beziehen die au\u00dferschulischen Institutionen partnerschaftlich mit ein.<\/p>\n\n\n\n<p class=\"has-black-color has-text-color has-link-color wp-elements-9edc4a406ff9ac2b4b9ca007e78ca8c4\">6. Wir gestalten die schulischen Abl\u00e4ufe transparent.<\/p>\n","protected":false},"excerpt":{"rendered":"<p>Die Konrad- Widerholt Grundschule ist eine Ganztagsschule in offener Form. Unser Leitbild: 1. In unserer [&hellip;]<\/p>\n","protected":false},"author":1,"featured_media":0,"parent":0,"menu_order":0,"comment_status":"closed","ping_status":"closed","template":"","meta":{"footnotes":""},"class_list":["post-95","page","type-page","status-publish","hentry"],"_links":{"self":[{"href":"https:\/\/kw-grundschule.de\/index.php?rest_route=\/wp\/v2\/pages\/95","targetHints":{"allow":["GET"]}}],"collection":[{"href":"https:\/\/kw-grundschule.de\/index.php?rest_route=\/wp\/v2\/pages"}],"about":[{"href":"https:\/\/kw-grundschule.de\/index.php?rest_route=\/wp\/v2\/types\/page"}],"author":[{"embeddable":true,"href":"https:\/\/kw-grundschule.de\/index.php?rest_route=\/wp\/v2\/users\/1"}],"replies":[{"embeddable":true,"href":"https:\/\/kw-grundschule.de\/index.php?rest_route=%2Fwp%2Fv2%2Fcomments&post=95"}],"version-history":[{"count":3,"href":"https:\/\/kw-grundschule.de\/index.php?rest_route=\/wp\/v2\/pages\/95\/revisions"}],"predecessor-version":[{"id":268,"href":"https:\/\/kw-grundschule.de\/index.php?rest_route=\/wp\/v2\/pages\/95\/revisions\/268"}],"wp:attachment":[{"href":"https:\/\/kw-grundschule.de\/index.php?rest_route=%2Fwp%2Fv2%2Fmedia&parent=95"}],"curies":[{"name":"wp","href":"https:\/\/api.w.org\/{rel}","templated":true}]}}