{"id":92,"date":"2024-11-07T13:23:19","date_gmt":"2024-11-07T13:23:19","guid":{"rendered":"https:\/\/kwg.staging.ctl4.school\/?page_id=92"},"modified":"2025-02-17T10:29:27","modified_gmt":"2025-02-17T09:29:27","slug":"kernzeitbetreuung","status":"publish","type":"page","link":"https:\/\/kw-grundschule.de\/?page_id=92","title":{"rendered":"Kernzeitbetreuung"},"content":{"rendered":"\n<p class=\"has-brown-color has-text-color has-link-color wp-elements-0e7dd33c5ffff9093b52e8164db8b7d9\">An der Schafhof-Grundschule werden die Sch\u00fclerinnen und Sch\u00fcler in zwei Gruppen betreut.<\/p>\n\n\n\n<p class=\"has-brown-color has-text-color has-link-color wp-elements-96c022237187a162ec11f942db8a6788\">Gruppe oben: Frau Fietze, Frau Schulenburg, Frau Federle<\/p>\n\n\n\n<p class=\"has-brown-color has-text-color has-link-color wp-elements-07d913344d8c24c6a9101cf1cbb66a71\">&nbsp; &nbsp; &nbsp; &nbsp; &nbsp; Erreichbarkeit: 0160\/6831544<\/p>\n\n\n\n<p class=\"has-brown-color has-text-color has-link-color wp-elements-7c844a9b3d2bac2704ede6d0d6e84a6e\">Gruppe unten: Frau Einselen, Frau Rammel, Frau Niznizkova<\/p>\n\n\n\n<p class=\"has-brown-color has-text-color has-link-color wp-elements-107bb932de5eeebde3f5d194c7f4c4da\">&nbsp; &nbsp; &nbsp; &nbsp; &nbsp; Erreichbarkeit: 0170\/3766667<\/p>\n\n\n\n<p class=\"has-brown-color has-text-color has-background has-link-color wp-elements-7d0cc4e10df0a3b541d3ec7fc0e1e2f6\" style=\"background-color:#2a97ca\"><strong>Betreuungszeiten:<\/strong><\/p>\n\n\n\n<p class=\"has-brown-color has-text-color has-link-color wp-elements-7a09b56b1f1e1cd6bb057b8bd127e447\">Montag: von 7.00 bis 13.00\/14.30 oder 16.00 Uhr<\/p>\n\n\n\n<p class=\"has-brown-color has-text-color has-link-color wp-elements-b063f4c3505d4dd598929446d64141a3\">Dienstag: von 7.00 bis 13.00\/14.30 oder 16.00 Uhr<\/p>\n\n\n\n<p class=\"has-brown-color has-text-color has-link-color wp-elements-6b4b2caecee3d31c73f508342012e2d5\">Mittwoch: von 7.00 bis 13.00\/14.30 oder 16.00 Uhr<\/p>\n\n\n\n<p class=\"has-brown-color has-text-color has-link-color wp-elements-3e14a54498050f85178df9e016db69cb\">Donnerstag: von 7.00 bis 13.00 oder 14.15 Uhr<\/p>\n\n\n\n<p class=\"has-brown-color has-text-color has-link-color wp-elements-1e59ad98a76f650c1dc8d823b5901ed3\">Freitag: von 7.00 bis 13.00 Uhr<\/p>\n\n\n\n<p class=\"has-brown-color has-text-color has-background has-link-color wp-elements-7a714fe003420a50736f1542997f873e\" style=\"background-color:#2a97ca\"><strong>Mittagessen und Hausaufgabenbetreuung:<\/strong><\/p>\n\n\n\n<p class=\"has-black-color has-text-color has-link-color wp-elements-aa0963efa784d1bf4d3c2bec501128cb\">Erfolgt die Buchung l\u00e4nger als 13.00 Uhr, ist in der Betreuung ein Mittagessen enthalten.<\/p>\n\n\n\n<p class=\"has-black-color has-text-color has-link-color wp-elements-4b457dfec95942922aad39d9c951228d\">Montags, dienstags, mittwochs findet eine Hausaufgabenbetreuung statt.<\/p>\n\n\n\n<p class=\"has-brown-color has-text-color has-background has-link-color wp-elements-ff1b403b6b33be936421ccf0b1a58586\" style=\"background-color:#2a97ca\"><strong>Angebote:<\/strong><\/p>\n\n\n\n<p class=\"has-black-color has-text-color has-link-color wp-elements-e651371dc4108c164911d3bb1af23b3b\">Schach-AG, montags von 12.15-13.00 Uhr, nach der Schule, w\u00e4hrend der Betreuungszeit.<\/p>\n\n\n\n<p class=\"has-black-color has-text-color has-link-color wp-elements-dd5af76e08a10bbe2e5690b4428622f0\">In der Kernzeit darf ihr Kind frei entscheiden, was es machen m\u00f6chte: Basteln, Brettspiele, Rollenspiele, Fu\u00dfballspielen, Spiele im Freien, Ausruhen, Lesen, Holzarbeiten an unserer Werkbank \u2026<\/p>\n\n\n\n<p class=\"has-black-color has-text-color has-link-color wp-elements-40ee2e1a9ce348f4350c8816ad1d553a\">Das sind nur einige Beispiele f\u00fcr die Aktivit\u00e4ten in der Kernzeit. Es gibt dar\u00fcber hinaus noch viel mehr zu entdecken \u2026<\/p>\n","protected":false},"excerpt":{"rendered":"<p>An der Schafhof-Grundschule werden die Sch\u00fclerinnen und Sch\u00fcler in zwei Gruppen betreut. Gruppe oben: Frau [&hellip;]<\/p>\n","protected":false},"author":1,"featured_media":0,"parent":0,"menu_order":0,"comment_status":"closed","ping_status":"closed","template":"","meta":{"footnotes":""},"class_list":["post-92","page","type-page","status-publish","hentry"],"_links":{"self":[{"href":"https:\/\/kw-grundschule.de\/index.php?rest_route=\/wp\/v2\/pages\/92","targetHints":{"allow":["GET"]}}],"collection":[{"href":"https:\/\/kw-grundschule.de\/index.php?rest_route=\/wp\/v2\/pages"}],"about":[{"href":"https:\/\/kw-grundschule.de\/index.php?rest_route=\/wp\/v2\/types\/page"}],"author":[{"embeddable":true,"href":"https:\/\/kw-grundschule.de\/index.php?rest_route=\/wp\/v2\/users\/1"}],"replies":[{"embeddable":true,"href":"https:\/\/kw-grundschule.de\/index.php?rest_route=%2Fwp%2Fv2%2Fcomments&post=92"}],"version-history":[{"count":4,"href":"https:\/\/kw-grundschule.de\/index.php?rest_route=\/wp\/v2\/pages\/92\/revisions"}],"predecessor-version":[{"id":212,"href":"https:\/\/kw-grundschule.de\/index.php?rest_route=\/wp\/v2\/pages\/92\/revisions\/212"}],"wp:attachment":[{"href":"https:\/\/kw-grundschule.de\/index.php?rest_route=%2Fwp%2Fv2%2Fmedia&parent=92"}],"curies":[{"name":"wp","href":"https:\/\/api.w.org\/{rel}","templated":true}]}}