{"id":89,"date":"2024-11-07T13:22:54","date_gmt":"2024-11-07T13:22:54","guid":{"rendered":"https:\/\/kwg.staging.ctl4.school\/?page_id=89"},"modified":"2025-09-09T14:14:29","modified_gmt":"2025-09-09T13:14:29","slug":"foerderverein","status":"publish","type":"page","link":"https:\/\/kw-grundschule.de\/?page_id=89","title":{"rendered":"F\u00f6rderverein"},"content":{"rendered":"\n<h3 class=\"wp-block-heading\">Der F\u00f6rderverein der Konrad-Widerholt-Grundschule in Kirchheim unter Teck<\/h3>\n\n\n\n<p class=\"has-black-color has-text-color has-link-color wp-elements-6140c63d1516dd44ca113d4b3ef8b905\">Der F\u00f6rderverein der Konrad-Widerholt-Grundschule ist eine Vereinigung von engagierten Eltern und Lehrern der Konrad-Widerholt-Stammschule und der Au\u00dfenstelle auf dem Schafhof. Seit 2004 ist er ein eingetragener Verein. Er unterst\u00fctzt die Arbeit der Schule, schafft zus\u00e4tzliche Unterrichtsmaterialien an, organisiert Kurse und AGs, die \u00fcber das normale Angebot der Schule hinausgehen, und Veranstaltungen, welche die Freizeit der Sch\u00fcler bereichern sowie einen formlosen Kontakt zwischen Sch\u00fclern, Eltern und Lehrern erm\u00f6glichen. Die Sch\u00fcler sollen die Schule nicht nur als Bildungseinrichtung erleben, sondern auch als Lebensraum, den sie gemeinsam mit den Lehrern und Eltern mitgestalten k\u00f6nnen.<\/p>\n\n\n\n<h3 class=\"wp-block-heading\">Einige unserer Aktivit\u00e4ten<\/h3>\n\n\n\n<p class=\"has-black-color has-text-color has-link-color wp-elements-6719fc81309de4450714b1d297eee737\"><strong>Anschaffungen:<\/strong><\/p>\n\n\n\n<ul class=\"wp-block-list\">\n<li class=\"has-black-color has-text-color has-link-color wp-elements-6e076f47802bf62246bbb8470a242580\">Hard- und Software f\u00fcr den multimedialen Unterricht<\/li>\n\n\n\n<li class=\"has-black-color has-text-color has-link-color wp-elements-bee661ca4d02ba7cc7ed31326b71a8dc\">B\u00fccher f\u00fcr Klassenbibliotheken, Landkarten<\/li>\n\n\n\n<li class=\"has-black-color has-text-color has-link-color wp-elements-8ef2972de11c077aabaf2143e0a697d5\">Musikinstrumente und -noten, CD-Player<\/li>\n\n\n\n<li class=\"has-black-color has-text-color has-link-color wp-elements-d007d48f20812885c1a61bcc5e9d543f\">Sportpakete f\u00fcr die Pausen<\/li>\n\n\n\n<li class=\"has-black-color has-text-color has-link-color wp-elements-78f2888e042d55d8d3a17e059d3e1f0f\">Kleine Turnger\u00e4te f\u00fcr den Sportunterricht<\/li>\n\n\n\n<li class=\"has-black-color has-text-color has-link-color wp-elements-b6457f2deb370845b755ce0abe24c4df\">Aufwertung des Schulhofes durch Anschaffung von neuen Spielger\u00e4ten<\/li>\n<\/ul>\n\n\n\n<p class=\"has-black-color has-text-color has-link-color wp-elements-73828a209f4c50f55cd4548054ce1f88\"><strong>Finanzielle Unterst\u00fctzung:<\/strong><\/p>\n\n\n\n<ul class=\"wp-block-list\">\n<li class=\"has-black-color has-text-color has-link-color wp-elements-52ec63d65f42cf71d5245057d06e505e\">Unterst\u00fctzung von Schullandheimaufenthalten und Ausfl\u00fcgen<\/li>\n\n\n\n<li class=\"has-black-color has-text-color has-link-color wp-elements-46ef1870b4ea11180d905a1a7d10ddb6\">Zusch\u00fcsse und Unterst\u00fctzung bei Projekttagen und Theaterveranstaltungen<\/li>\n<\/ul>\n\n\n\n<p class=\"has-black-color has-text-color has-link-color wp-elements-716cb0f73ebe927e0c699ac4a788dd83\"><strong>Veranstaltungen:<\/strong><\/p>\n\n\n\n<ul class=\"wp-block-list has-black-color has-text-color has-link-color wp-elements-d20cb9dc3f33a6d398adf2f974c8fc47\">\n<li>Organisation der Einschulungsfeier<\/li>\n\n\n\n<li>Bewirtung bei der Weihnachtsfeier bzw. dem Licherfest<\/li>\n\n\n\n<li>Ball-\u00fcber-die-Schnur-Turnier (B\u00dcDS-Turnier)<\/li>\n\n\n\n<li>Kuchenverkauf unter den Arkaden<\/li>\n\n\n\n<li>Tastaturschulung (10-Finger-System)<\/li>\n\n\n\n<li>Thematische Abendvortr\u00e4ge<\/li>\n<\/ul>\n\n\n\n<h3 class=\"wp-block-heading\">Vorstand <\/h3>\n\n\n\n<figure class=\"wp-block-table\"><table class=\"has-black-color has-text-color has-link-color has-fixed-layout\"><tbody><tr><td>1. Vorstand:<\/td><td>Laura Kataria<\/td><\/tr><tr><td>2. Vorstand:<\/td><td>Manuela Ruf<\/td><\/tr><tr><td>Schriftf\u00fchrerin:<\/td><td>Lisa Faust<\/td><\/tr><tr><td>Finanzen:<\/td><td>Sarah Riedlbauer<\/td><\/tr><\/tbody><\/table><\/figure>\n\n\n\n<h3 class=\"wp-block-heading\">Wie k\u00f6nnen Sie den F\u00f6rderverein unterst\u00fctzen?<\/h3>\n\n\n\n<ul class=\"wp-block-list\">\n<li class=\"has-black-color has-text-color has-link-color wp-elements-2a79d260777245ae1e67f7fa817d7d6c\">Werden Sie Mitglied im F\u00f6rderverein (j\u00e4hrlicher Mitgliedsbeitrag 15\u20ac)! F\u00fcllen Sie dazu die unten stehende Beitrittserkl\u00e4rung\u00a0aus und geben Sie diese beim Klassenlehrer oder beim Vorstand ab.<\/li>\n\n\n\n<li class=\"has-black-color has-text-color has-link-color wp-elements-84d6c751d61e7ad863a0463c165bb970\">Bringen Sie sich mit Ihren Ideen ein! Teilen Sie diese einfach dem Vorstand mit.<\/li>\n\n\n\n<li class=\"has-black-color has-text-color has-link-color wp-elements-eff0f9d0817c71fb67a8cb35a357f0ba\">Besuchen Sie die Feierlichkeiten der Schule!<\/li>\n<\/ul>\n\n\n\n<p class=\"has-black-color has-text-color has-link-color wp-elements-e224e32df1a4ce83f0ab1c9caf5f7b78\">Kontakt: foerderverein-kwgs(at)web.de<\/p>\n\n\n\n<p>Satzung des F\u00f6rdervereins der Konrad-Widerholt-Grundschule<\/p>\n\n\n\n<div data-wp-interactive=\"core\/file\" class=\"wp-block-file\"><object data-wp-bind--hidden=\"!state.hasPdfPreview\" hidden class=\"wp-block-file__embed\" data=\"https:\/\/kw-grundschule.de\/wp-content\/uploads\/2025\/09\/Beitrittserklarung_Foerderverein_2025.pdf\" type=\"application\/pdf\" style=\"width:100%;height:600px\" aria-label=\"Einbettung von Beitrittserklarung_F\u00f6rderverein_2025.\"><\/object><a id=\"wp-block-file--media-598b1d5d-28c5-44cc-af74-34f05b1c0d1e\" href=\"https:\/\/kw-grundschule.de\/wp-content\/uploads\/2025\/09\/Beitrittserklarung_Foerderverein_2025.pdf\">Beitrittserklarung_F\u00f6rderverein_2025<\/a><a href=\"https:\/\/kw-grundschule.de\/wp-content\/uploads\/2025\/09\/Beitrittserklarung_Foerderverein_2025.pdf\" class=\"wp-block-file__button wp-element-button\" download aria-describedby=\"wp-block-file--media-598b1d5d-28c5-44cc-af74-34f05b1c0d1e\">Herunterladen<\/a><\/div>\n","protected":false},"excerpt":{"rendered":"<p>Der F\u00f6rderverein der Konrad-Widerholt-Grundschule in Kirchheim unter Teck Der F\u00f6rderverein der Konrad-Widerholt-Grundschule ist eine Vereinigung [&hellip;]<\/p>\n","protected":false},"author":1,"featured_media":0,"parent":0,"menu_order":0,"comment_status":"closed","ping_status":"closed","template":"","meta":{"footnotes":""},"class_list":["post-89","page","type-page","status-publish","hentry"],"_links":{"self":[{"href":"https:\/\/kw-grundschule.de\/index.php?rest_route=\/wp\/v2\/pages\/89","targetHints":{"allow":["GET"]}}],"collection":[{"href":"https:\/\/kw-grundschule.de\/index.php?rest_route=\/wp\/v2\/pages"}],"about":[{"href":"https:\/\/kw-grundschule.de\/index.php?rest_route=\/wp\/v2\/types\/page"}],"author":[{"embeddable":true,"href":"https:\/\/kw-grundschule.de\/index.php?rest_route=\/wp\/v2\/users\/1"}],"replies":[{"embeddable":true,"href":"https:\/\/kw-grundschule.de\/index.php?rest_route=%2Fwp%2Fv2%2Fcomments&post=89"}],"version-history":[{"count":5,"href":"https:\/\/kw-grundschule.de\/index.php?rest_route=\/wp\/v2\/pages\/89\/revisions"}],"predecessor-version":[{"id":239,"href":"https:\/\/kw-grundschule.de\/index.php?rest_route=\/wp\/v2\/pages\/89\/revisions\/239"}],"wp:attachment":[{"href":"https:\/\/kw-grundschule.de\/index.php?rest_route=%2Fwp%2Fv2%2Fmedia&parent=89"}],"curies":[{"name":"wp","href":"https:\/\/api.w.org\/{rel}","templated":true}]}}