{"id":85,"date":"2024-11-07T13:22:10","date_gmt":"2024-11-07T13:22:10","guid":{"rendered":"https:\/\/kwg.staging.ctl4.school\/?page_id=85"},"modified":"2025-01-20T14:48:11","modified_gmt":"2025-01-20T13:48:11","slug":"schulsozialarbeit","status":"publish","type":"page","link":"https:\/\/kw-grundschule.de\/?page_id=85","title":{"rendered":"Schulsozialarbeit"},"content":{"rendered":"\n<p><\/p>\n\n\n\n<p><\/p>\n\n\n\n<p class=\"has-black-color has-text-color has-link-color wp-elements-068336b83861d687516dfcb6486c55d4\">An der Konrad-Widerholt-Grundschule gibt es die Schulsozialarbeit der Stiftung Tragwerk seit dem Schuljahr 2012\/13.&nbsp;<\/p>\n\n\n\n<blockquote class=\"wp-block-quote is-layout-flow wp-block-quote-is-layout-flow\">\n<p class=\"has-black-color has-text-color has-link-color wp-elements-8f0667c3f2c9207437bb5fc64d156548\">Miteinander reden<\/p>\n<\/blockquote>\n\n\n\n<p class=\"has-black-color has-text-color has-link-color wp-elements-6fbeadc626825d3345df49f4cfada906\">Die Schulsozialarbeit bietet Sch\u00fclerinnen und Sch\u00fclern, Eltern und Lehrkr\u00e4ften eine schulunabh\u00e4ngige, neutrale Information, Beratung und Unterst\u00fctzung an. Kinder finden hier ein &#8222;offenes Ohr&#8220;, wenn sie Fragen und Probleme haben und Eltern k\u00f6nnen sich beispielweise Unterst\u00fctzung bei Erziehungsfragen holen.\u00a0<\/p>\n\n\n\n<blockquote class=\"wp-block-quote is-layout-flow wp-block-quote-is-layout-flow\">\n<p class=\"has-black-color has-text-color has-link-color wp-elements-6b3cb1c5f20f3f464299b39486695313\">Br\u00fccken bauen<\/p>\n<\/blockquote>\n\n\n\n<p class=\"has-black-color has-text-color has-link-color wp-elements-72ddf3d456eba39ee95efda99664225b\">Die Schulsozialarbeit arbeitet eng mit anderen, au\u00dferschulischen Institutionen und Einrichtungen zusammen und vermittelt auf Wunsch Kontakte zu Beratungsstellen und sozialen Diensten, zu Initiativen, Vereinen und Gruppen.<\/p>\n\n\n\n<div class=\"wp-block-columns is-layout-flex wp-container-core-columns-is-layout-9d6595d7 wp-block-columns-is-layout-flex\">\n<div class=\"wp-block-column is-layout-flow wp-block-column-is-layout-flow\">\n<p class=\"has-black-color has-text-color has-link-color wp-elements-237b54cecd3a4c0dec933ad974511dbc\"><strong>Kontakt<\/strong><\/p>\n\n\n\n<p class=\"has-black-color has-text-color has-link-color wp-elements-64c9cc637f9899e5b1cbabe094c4a83d\">Schulsozialarbeit KWGS &#8211; Stiftung Tragwerk<\/p>\n\n\n\n<p class=\"has-black-color has-text-color has-link-color wp-elements-3fb2ee2e111fd3c0bb05868603493e13\">Diana Frank<\/p>\n\n\n\n<p class=\"has-black-color has-text-color has-link-color wp-elements-06826e7281000c81c461bf11e0c71115\">Telefon: 07021\/92031-32<\/p>\n\n\n\n<p class=\"has-black-color has-text-color has-link-color wp-elements-e6d13fad01864f89bb013e0acc22a41e\">Mobil: 0157\/31779162<\/p>\n\n\n\n<p class=\"has-black-color has-text-color has-link-color wp-elements-80d5ed4aaf4aac931130710e6872b90b\">E-Mail: <a href=\"mailto:schulsozialarbeit-kwgs@stiftung-tragwerk.de\">schulsozialarbeit-kwgs(at)stiftung-tragwerk.de<\/a><\/p>\n<\/div>\n\n\n\n<div class=\"wp-block-column is-layout-flow wp-block-column-is-layout-flow\">\n<figure class=\"wp-block-image size-full is-resized\"><img loading=\"lazy\" decoding=\"async\" width=\"960\" height=\"720\" src=\"https:\/\/kw-grundschule.de\/wp-content\/uploads\/2024\/11\/Bild_SSA.jpg\" alt=\"\" class=\"wp-image-87\" style=\"width:313px;height:auto\" srcset=\"https:\/\/kw-grundschule.de\/wp-content\/uploads\/2024\/11\/Bild_SSA.jpg 960w, https:\/\/kw-grundschule.de\/wp-content\/uploads\/2024\/11\/Bild_SSA-300x225.jpg 300w, https:\/\/kw-grundschule.de\/wp-content\/uploads\/2024\/11\/Bild_SSA-768x576.jpg 768w\" sizes=\"auto, (max-width: 960px) 100vw, 960px\" \/><\/figure>\n<\/div>\n<\/div>\n\n\n\n<p class=\"has-black-color has-text-color has-link-color wp-elements-9ac00cf961d1ea846fe5a532228b76c6\"><\/p>\n\n\n\n<figure class=\"wp-block-image size-full is-resized\"><img loading=\"lazy\" decoding=\"async\" width=\"650\" height=\"172\" src=\"https:\/\/kw-grundschule.de\/wp-content\/uploads\/2025\/01\/Bildschirmfoto-2025-01-20-um-14.44.18.png\" alt=\"\" class=\"wp-image-175\" style=\"width:345px;height:auto\" srcset=\"https:\/\/kw-grundschule.de\/wp-content\/uploads\/2025\/01\/Bildschirmfoto-2025-01-20-um-14.44.18.png 650w, https:\/\/kw-grundschule.de\/wp-content\/uploads\/2025\/01\/Bildschirmfoto-2025-01-20-um-14.44.18-300x79.png 300w\" sizes=\"auto, (max-width: 650px) 100vw, 650px\" \/><\/figure>\n\n\n\n<p><\/p>\n\n\n\n<h2 class=\"wp-block-heading\"><\/h2>\n\n\n\n<p><\/p>\n","protected":false},"excerpt":{"rendered":"<p>An der Konrad-Widerholt-Grundschule gibt es die Schulsozialarbeit der Stiftung Tragwerk seit dem Schuljahr 2012\/13.&nbsp; Miteinander [&hellip;]<\/p>\n","protected":false},"author":1,"featured_media":0,"parent":0,"menu_order":0,"comment_status":"closed","ping_status":"closed","template":"","meta":{"footnotes":""},"class_list":["post-85","page","type-page","status-publish","hentry"],"_links":{"self":[{"href":"https:\/\/kw-grundschule.de\/index.php?rest_route=\/wp\/v2\/pages\/85","targetHints":{"allow":["GET"]}}],"collection":[{"href":"https:\/\/kw-grundschule.de\/index.php?rest_route=\/wp\/v2\/pages"}],"about":[{"href":"https:\/\/kw-grundschule.de\/index.php?rest_route=\/wp\/v2\/types\/page"}],"author":[{"embeddable":true,"href":"https:\/\/kw-grundschule.de\/index.php?rest_route=\/wp\/v2\/users\/1"}],"replies":[{"embeddable":true,"href":"https:\/\/kw-grundschule.de\/index.php?rest_route=%2Fwp%2Fv2%2Fcomments&post=85"}],"version-history":[{"count":10,"href":"https:\/\/kw-grundschule.de\/index.php?rest_route=\/wp\/v2\/pages\/85\/revisions"}],"predecessor-version":[{"id":177,"href":"https:\/\/kw-grundschule.de\/index.php?rest_route=\/wp\/v2\/pages\/85\/revisions\/177"}],"wp:attachment":[{"href":"https:\/\/kw-grundschule.de\/index.php?rest_route=%2Fwp%2Fv2%2Fmedia&parent=85"}],"curies":[{"name":"wp","href":"https:\/\/api.w.org\/{rel}","templated":true}]}}