{"id":78,"date":"2024-11-07T13:20:37","date_gmt":"2024-11-07T13:20:37","guid":{"rendered":"https:\/\/kwg.staging.ctl4.school\/?page_id=78"},"modified":"2025-10-01T13:22:45","modified_gmt":"2025-10-01T12:22:45","slug":"aussenstelle-schafhof","status":"publish","type":"page","link":"https:\/\/kw-grundschule.de\/?page_id=78","title":{"rendered":"Au\u00dfenstelle Schafhof"},"content":{"rendered":"\n<blockquote class=\"wp-block-quote is-layout-flow wp-block-quote-is-layout-flow\">\n<p class=\"has-black-color has-text-color has-link-color wp-elements-f57e47169ed650067d33687d336d5d30\">Zu unserer Konrad &#8211; Widerholt &#8211; Grundschule geh\u00f6rt die 1987 gebaute Grundschule im Wohngebiet Schafhof. Die Schafhof-Grundschule ist eine einz\u00fcgige Grundschule von Klasse 1 bis 4. Das Geb\u00e4ude verf\u00fcgt neben den Klassenzimmern und dem Lehrerzimmer \u00fcber einen Gymnastikraum, ein Musikzimmer und mehrere R\u00e4umlichkeiten f\u00fcr die Kernzeitbetreuung.&nbsp;<\/p>\n<\/blockquote>\n\n\n\n<div class=\"wp-block-columns is-layout-flex wp-container-core-columns-is-layout-9d6595d7 wp-block-columns-is-layout-flex\">\n<div class=\"wp-block-column is-layout-flow wp-block-column-is-layout-flow\">\n<h2 class=\"wp-block-heading has-text-align-center has-larger-font-size\">Klassen und Lehrerinnen:<\/h2>\n\n\n\n<p class=\"has-text-align-center has-black-color has-text-color has-link-color wp-elements-f05118de1f299419a6490b763bb62065\">Klasse 1c: Frau Most\/Frau Haspel<\/p>\n\n\n\n<p class=\"has-text-align-center has-black-color has-text-color has-link-color wp-elements-48484525990da9f85ca99dddb978d7b0\">Klasse 2c: Frau Hauschild<\/p>\n\n\n\n<p class=\"has-text-align-center has-black-color has-text-color has-link-color wp-elements-392a1c68fb22e4f70e73e9f397399b4b\">Klasse 3c: Frau Gehring\/Frau Prell<\/p>\n\n\n\n<p class=\"has-text-align-center has-black-color has-text-color has-link-color wp-elements-6305cb2276165c371852af02448e1d4a\">Klasse 4c: Frau Berkowitsch\/Frau Lempp<\/p>\n\n\n\n<p class=\"has-text-align-center has-black-color has-text-color has-link-color wp-elements-31ef8a46bf82daa30dab4b6adf99fd54\"><\/p>\n<\/div>\n\n\n\n<div class=\"wp-block-column is-layout-flow wp-block-column-is-layout-flow\">\n<div class=\"wp-block-buttons is-layout-flex wp-block-buttons-is-layout-flex\">\n<div class=\"wp-block-button has-custom-width wp-block-button__width-75\"><a class=\"wp-block-button__link has-background wp-element-button\" href=\"https:\/\/kw-grundschule.de\/?page_id=130\" style=\"background-color:#2396b6\">&#8230;hier geht&#8217;s zu den anderen Kolleg*innen<\/a><\/div>\n<\/div>\n<\/div>\n<\/div>\n\n\n\n<p class=\"has-text-align-center\"><\/p>\n\n\n\n<h2 class=\"wp-block-heading has-text-align-center\">Schulalltag\/Besonderheiten der Au\u00dfenstelle<\/h2>\n\n\n\n<ul class=\"wp-block-list has-black-color has-text-color has-link-color wp-elements-96d83c88d0fe4476ee823d78a4c7b6d1\">\n<li>\u201e<strong>Mittagschule<\/strong>\u201c: Am Donnerstag Nachmittag findet f\u00fcr alle Klassen Unterricht von 14.15 \u2013 15.55 Uhr statt.<\/li>\n<\/ul>\n\n\n\n<ul class=\"wp-block-list has-black-color has-text-color has-link-color wp-elements-3e03cbb4195ba7705ab3a940ec212895\">\n<li><strong>Paten<\/strong>: Unsere Erstkl\u00e4ssler werden in ihrem ersten Schuljahr von Paten begleitet. Jedes Kind aus der 4.Klasse \u00fcbernimmt eine Patenschaft und unterst\u00fctzt die Schul-Neulinge in den Pausen und bei der Orientierung im Schulhaus und auf dem Schulgel\u00e4nde. Das Schuljahr \u00fcber finden verschiedene Aktionen oder auch gemeinsame Aktivit\u00e4ten der beiden Patenklassen statt.<\/li>\n<\/ul>\n\n\n\n<ul class=\"wp-block-list has-black-color has-text-color has-link-color wp-elements-c6c4e617d6287109ad65fd6e0cb39362\">\n<li><strong>Sportunterricht<\/strong>: Der Sportunterricht findet im Gymnastikraum und in der 4. Klasse auch in der Konrad-Widerholt-Halle statt. &nbsp;<\/li>\n<\/ul>\n\n\n\n<ul class=\"wp-block-list has-black-color has-text-color has-link-color wp-elements-6c382170c6275fecff51ceb701ca6e67\">\n<li><strong>\u201eLernen mit R\u00fcckenwind\u201c<\/strong>: &nbsp;Das F\u00f6rderprogramm unterst\u00fctzt individuell Sch\u00fclerinnen und Sch\u00fcler bei Lernr\u00fcckst\u00e4nden und st\u00e4rkt ihre sozial-emotionalen Kompetenzen.&nbsp; <a href=\"https:\/\/km.baden-wuerttemberg.de\/de\/schule\/schulartuebergreifend\/lernen-mit-rueckenwind\">https:\/\/km.baden-wuerttemberg.de\/de\/schule\/schulartuebergreifend\/lernen-mit-rueckenwind<\/a><\/li>\n<\/ul>\n\n\n\n<ul class=\"wp-block-list has-black-color has-text-color has-link-color wp-elements-f13e64676c70aa6f59edebaf069ade0d\">\n<li><strong>FSJ:<\/strong> In diesem Schuljahr haben wir Unterst\u00fctzung von einer Freiwilligen im Bereich Schulsozialarbeit.<\/li>\n<\/ul>\n\n\n\n<ul class=\"wp-block-list has-black-color has-text-color has-link-color wp-elements-0e23d37a1bc510dba5d5d8dd3cee3646\">\n<li><strong>Frederikwoche:<\/strong> Im Herbst geben wir dem Thema \u201eB\u00fccher\u201c einen besonderen Raum. Es finden Autoren-Lesungen und Vorleseaktionen innerhalb der Klassen statt.<\/li>\n<\/ul>\n\n\n\n<figure class=\"wp-block-image alignwide size-large\"><img loading=\"lazy\" decoding=\"async\" width=\"1024\" height=\"768\" src=\"https:\/\/kw-grundschule.de\/wp-content\/uploads\/2025\/01\/image-20230427-103345-1024x768.jpeg\" alt=\"\" class=\"wp-image-186\" srcset=\"https:\/\/kw-grundschule.de\/wp-content\/uploads\/2025\/01\/image-20230427-103345-1024x768.jpeg 1024w, https:\/\/kw-grundschule.de\/wp-content\/uploads\/2025\/01\/image-20230427-103345-300x225.jpeg 300w, https:\/\/kw-grundschule.de\/wp-content\/uploads\/2025\/01\/image-20230427-103345-768x576.jpeg 768w, https:\/\/kw-grundschule.de\/wp-content\/uploads\/2025\/01\/image-20230427-103345-1536x1152.jpeg 1536w, https:\/\/kw-grundschule.de\/wp-content\/uploads\/2025\/01\/image-20230427-103345.jpeg 1600w\" sizes=\"auto, (max-width: 1024px) 100vw, 1024px\" \/><\/figure>\n\n\n\n<p class=\"has-black-color has-text-color has-link-color wp-elements-9ac00cf961d1ea846fe5a532228b76c6\"><\/p>\n\n\n\n<p><\/p>\n","protected":false},"excerpt":{"rendered":"<p>Zu unserer Konrad &#8211; Widerholt &#8211; Grundschule geh\u00f6rt die 1987 gebaute Grundschule im Wohngebiet Schafhof. [&hellip;]<\/p>\n","protected":false},"author":1,"featured_media":186,"parent":0,"menu_order":0,"comment_status":"closed","ping_status":"closed","template":"","meta":{"footnotes":""},"class_list":["post-78","page","type-page","status-publish","has-post-thumbnail","hentry"],"_links":{"self":[{"href":"https:\/\/kw-grundschule.de\/index.php?rest_route=\/wp\/v2\/pages\/78","targetHints":{"allow":["GET"]}}],"collection":[{"href":"https:\/\/kw-grundschule.de\/index.php?rest_route=\/wp\/v2\/pages"}],"about":[{"href":"https:\/\/kw-grundschule.de\/index.php?rest_route=\/wp\/v2\/types\/page"}],"author":[{"embeddable":true,"href":"https:\/\/kw-grundschule.de\/index.php?rest_route=\/wp\/v2\/users\/1"}],"replies":[{"embeddable":true,"href":"https:\/\/kw-grundschule.de\/index.php?rest_route=%2Fwp%2Fv2%2Fcomments&post=78"}],"version-history":[{"count":20,"href":"https:\/\/kw-grundschule.de\/index.php?rest_route=\/wp\/v2\/pages\/78\/revisions"}],"predecessor-version":[{"id":247,"href":"https:\/\/kw-grundschule.de\/index.php?rest_route=\/wp\/v2\/pages\/78\/revisions\/247"}],"wp:featuredmedia":[{"embeddable":true,"href":"https:\/\/kw-grundschule.de\/index.php?rest_route=\/wp\/v2\/media\/186"}],"wp:attachment":[{"href":"https:\/\/kw-grundschule.de\/index.php?rest_route=%2Fwp%2Fv2%2Fmedia&parent=78"}],"curies":[{"name":"wp","href":"https:\/\/api.w.org\/{rel}","templated":true}]}}