{"id":43,"date":"2024-11-07T12:27:28","date_gmt":"2024-11-07T12:27:28","guid":{"rendered":"https:\/\/kwg.staging.ctl4.school\/?page_id=43"},"modified":"2025-10-16T11:04:03","modified_gmt":"2025-10-16T10:04:03","slug":"aktuelles","status":"publish","type":"page","link":"https:\/\/kw-grundschule.de\/?page_id=43","title":{"rendered":"Aktuelles"},"content":{"rendered":"\n<div class=\"wp-block-columns is-layout-flex wp-container-core-columns-is-layout-9d6595d7 wp-block-columns-is-layout-flex\">\n<div class=\"wp-block-column is-layout-flow wp-block-column-is-layout-flow\">\n<figure class=\"wp-block-image size-full is-resized\"><img loading=\"lazy\" decoding=\"async\" width=\"300\" height=\"424\" src=\"https:\/\/kw-grundschule.de\/wp-content\/uploads\/2025\/10\/csm_2025_EU-Schulpogramm_Poster_79637f848a.webp\" alt=\"\" class=\"wp-image-273\" style=\"width:296px;height:auto\" srcset=\"https:\/\/kw-grundschule.de\/wp-content\/uploads\/2025\/10\/csm_2025_EU-Schulpogramm_Poster_79637f848a.webp 300w, https:\/\/kw-grundschule.de\/wp-content\/uploads\/2025\/10\/csm_2025_EU-Schulpogramm_Poster_79637f848a-212x300.webp 212w\" sizes=\"auto, (max-width: 300px) 100vw, 300px\" \/><\/figure>\n<\/div>\n\n\n\n<div class=\"wp-block-column is-layout-flow wp-block-column-is-layout-flow\">\n<figure class=\"wp-block-image size-large\"><img loading=\"lazy\" decoding=\"async\" width=\"1024\" height=\"724\" src=\"https:\/\/kw-grundschule.de\/wp-content\/uploads\/2025\/05\/1-schulplakat-wir-machen-mit-spospito-bewegungspass-2025-1024x724.jpg\" alt=\"\" class=\"wp-image-218\" srcset=\"https:\/\/kw-grundschule.de\/wp-content\/uploads\/2025\/05\/1-schulplakat-wir-machen-mit-spospito-bewegungspass-2025-1024x724.jpg 1024w, https:\/\/kw-grundschule.de\/wp-content\/uploads\/2025\/05\/1-schulplakat-wir-machen-mit-spospito-bewegungspass-2025-300x212.jpg 300w, https:\/\/kw-grundschule.de\/wp-content\/uploads\/2025\/05\/1-schulplakat-wir-machen-mit-spospito-bewegungspass-2025-768x543.jpg 768w, https:\/\/kw-grundschule.de\/wp-content\/uploads\/2025\/05\/1-schulplakat-wir-machen-mit-spospito-bewegungspass-2025-1536x1086.jpg 1536w, https:\/\/kw-grundschule.de\/wp-content\/uploads\/2025\/05\/1-schulplakat-wir-machen-mit-spospito-bewegungspass-2025-2048x1448.jpg 2048w\" sizes=\"auto, (max-width: 1024px) 100vw, 1024px\" \/><\/figure>\n<\/div>\n<\/div>\n\n\n\n<p><\/p>\n\n\n\n<figure class=\"wp-block-image size-full is-resized\"><img loading=\"lazy\" decoding=\"async\" width=\"939\" height=\"374\" src=\"https:\/\/kw-grundschule.de\/wp-content\/uploads\/2024\/11\/BISS.jpg\" alt=\"\" class=\"wp-image-45\" style=\"width:395px;height:auto\" srcset=\"https:\/\/kw-grundschule.de\/wp-content\/uploads\/2024\/11\/BISS.jpg 939w, https:\/\/kw-grundschule.de\/wp-content\/uploads\/2024\/11\/BISS-300x119.jpg 300w, https:\/\/kw-grundschule.de\/wp-content\/uploads\/2024\/11\/BISS-768x306.jpg 768w\" sizes=\"auto, (max-width: 939px) 100vw, 939px\" \/><\/figure>\n\n\n\n<p class=\"has-black-color has-text-color has-link-color wp-elements-9ac00cf961d1ea846fe5a532228b76c6\"><\/p>\n\n\n\n<details class=\"wp-block-details has-black-color has-text-color has-link-color wp-elements-d642c5c09294be367dca4ea798c4b224 is-layout-flow wp-block-details-is-layout-flow\"><summary>&gt;&gt;<strong>BiSS Transfer BW: Landesweiter Roll Out 2023<\/strong><\/summary>\n<p class=\"has-black-color has-text-color has-link-color wp-elements-8d3b98229381fd52f6209c1d9e622c00\">BiSS-Transfer ist eine gemeinsame Initiative des&nbsp;Bundesministeriums f\u00fcr Bildung und Forschung&nbsp;(BMBF) und der Kultusministerkonferenz (KMK) zum&nbsp;Transfer von Sprachbildung, Lese- und&nbsp;Schreibf\u00f6rderung in Schulen und Kitas (<a href=\"http:\/\/www.biss-sprachbildung.de\/\">www.biss-sprachbildung.de<\/a>).&nbsp;<\/p>\n\n\n\n<p class=\"has-black-color has-text-color has-link-color wp-elements-fa3b7877723f08c6958e600d54119c7a\">Ziel in Baden-W\u00fcrttemberg ist die&nbsp;<strong>St\u00e4rkung der Basiskompetenzen&nbsp;<\/strong>der Sch\u00fclerinnen und Sch\u00fcler im Bereich des Lesens. Im Mittelpunkt steht die&nbsp;<strong>F\u00f6rderung der Lesefertigkeiten&nbsp;<\/strong>(Lesetechnik, Lesefl\u00fcssigkeit) sowie der&nbsp;<strong>Lesef\u00e4higkeiten<\/strong>&nbsp;(Leseverstehen, Lesestrategien). Auf der Basis eines&nbsp;<strong>einheitlichen und systematischen Lesecurriculums<\/strong>&nbsp;setzen die BiSS-Grundschulen Schritt f\u00fcr Schritt nachweislich lernf\u00f6rderliche Elemente im Leseunterricht um, wie z.B. das Training der Lesefl\u00fcssigkeit mithilfe von Lautlesetandems und den Einsatz ausgew\u00e4hlter Lesestrategien. Damit die Umsetzung in allen Klassenstufen gut funktioniert, hat jede BiSS-Grundschule eine eigene Projektgruppe eingerichtet, die sich regelm\u00e4\u00dfig trifft, um \u00fcber n\u00e4chste Schritte in der Umsetzung zu sprechen. Jede Schule hat zudem eine BiSS-Ansprechperson, die gemeinsam mit der Schulleitung das Kollegium an der Schule dabei unterst\u00fctzt, das BiSS-Lesef\u00f6rderkonzept umzusetzen. Unsere BiSS-Ansprechperson an der Schule hei\u00dft&nbsp;Herr Weimer.<\/p>\n\n\n\n<p class=\"has-black-color has-text-color has-link-color wp-elements-5420618ef5816e59387f7dde72f92dc7\">In Baden-W\u00fcrttemberg nehmen mit Start des Schuljahres 2023\/2024 insgesamt 2030 Grundschulen teil, die in 21 BiSS-Verb\u00fcnden organisiert sind. Die Verb\u00fcnde dienen der Vernetzung und dem Austausch. Hier k\u00f6nnen die Verb\u00fcnde eingesehen werden:&nbsp;www.<a href=\"http:\/\/biss-sprachbildung.de\/biss-vor-ort\">biss-sprachbildung.de\/biss-vor-ort<\/a>.<\/p>\n<\/details>\n\n\n\n<p><strong>Transfer von Sprachbildung, Lese- und&nbsp;Schreibf\u00f6rderung (BiSS-Transfer)<\/strong><\/p>\n","protected":false},"excerpt":{"rendered":"<p>Transfer von Sprachbildung, Lese- und&nbsp;Schreibf\u00f6rderung (BiSS-Transfer)<\/p>\n","protected":false},"author":1,"featured_media":0,"parent":0,"menu_order":0,"comment_status":"closed","ping_status":"closed","template":"","meta":{"footnotes":""},"class_list":["post-43","page","type-page","status-publish","hentry"],"_links":{"self":[{"href":"https:\/\/kw-grundschule.de\/index.php?rest_route=\/wp\/v2\/pages\/43","targetHints":{"allow":["GET"]}}],"collection":[{"href":"https:\/\/kw-grundschule.de\/index.php?rest_route=\/wp\/v2\/pages"}],"about":[{"href":"https:\/\/kw-grundschule.de\/index.php?rest_route=\/wp\/v2\/types\/page"}],"author":[{"embeddable":true,"href":"https:\/\/kw-grundschule.de\/index.php?rest_route=\/wp\/v2\/users\/1"}],"replies":[{"embeddable":true,"href":"https:\/\/kw-grundschule.de\/index.php?rest_route=%2Fwp%2Fv2%2Fcomments&post=43"}],"version-history":[{"count":11,"href":"https:\/\/kw-grundschule.de\/index.php?rest_route=\/wp\/v2\/pages\/43\/revisions"}],"predecessor-version":[{"id":279,"href":"https:\/\/kw-grundschule.de\/index.php?rest_route=\/wp\/v2\/pages\/43\/revisions\/279"}],"wp:attachment":[{"href":"https:\/\/kw-grundschule.de\/index.php?rest_route=%2Fwp%2Fv2%2Fmedia&parent=43"}],"curies":[{"name":"wp","href":"https:\/\/api.w.org\/{rel}","templated":true}]}}