{"id":28,"date":"2024-11-07T11:24:40","date_gmt":"2024-11-07T11:24:40","guid":{"rendered":"https:\/\/kwg.staging.ctl4.school\/?page_id=28"},"modified":"2025-10-16T10:46:37","modified_gmt":"2025-10-16T09:46:37","slug":"schulbezirk","status":"publish","type":"page","link":"https:\/\/kw-grundschule.de\/?page_id=28","title":{"rendered":"Schulbezirk"},"content":{"rendered":"\n<h3 class=\"wp-block-heading has-larger-font-size\">Schulbezirk der Konrad-Widerholt-Grundschule<\/h3>\n\n\n\n<div class=\"wp-block-columns is-layout-flex wp-container-core-columns-is-layout-9d6595d7 wp-block-columns-is-layout-flex\">\n<div class=\"wp-block-column has-black-color has-text-color has-link-color wp-elements-aa423a3e48c677dcf00c5d049966847c is-layout-flow wp-block-column-is-layout-flow\">\n<p class=\"has-black-color has-text-color has-link-color wp-elements-b1706a068acc011e28274add8ba3f194\">Albert-Schweitzer-Str. 22-30<\/p>\n\n\n\n<p class=\"has-black-color has-text-color has-link-color wp-elements-99b31ddc4589548f77a7e1b7fa4f923f\">Alemannenstra\u00dfe 2-28, 3-45<\/p>\n\n\n\n<p class=\"has-black-color has-text-color has-link-color wp-elements-2d787b45e9daa138edee7d396978f6f4\">Alleenstra\u00dfe 76-106<\/p>\n\n\n\n<p class=\"has-black-color has-text-color has-link-color wp-elements-a82508efd7f38510c4083ff3bc88deaa\">Am G\u00e4nskragen 2-16<\/p>\n\n\n\n<p class=\"has-black-color has-text-color has-link-color wp-elements-18704eec0fbb8a827f7db1bdb6561217\">Armbruststra\u00dfe 23-75, 26-68<\/p>\n\n\n\n<p class=\"has-black-color has-text-color has-link-color wp-elements-c301847f8527e2603894431322c893df\">Bismarckstra\u00dfe 14-66\/1, 17-89<\/p>\n\n\n\n<p class=\"has-black-color has-text-color has-link-color wp-elements-ffb054f5ac9dde476d28833a418f710c\">Bleichestra\u00dfe 2-38, 7-37<\/p>\n\n\n\n<p class=\"has-black-color has-text-color has-link-color wp-elements-7134ae8c133c3f917efd6a3313995d42\">Buchenweg 3-11, 4-14<\/p>\n\n\n\n<p class=\"has-black-color has-text-color has-link-color wp-elements-8303cb6e4a265e1be81977b649df964f\">Donauschwabenweg 1-5, 2-32<\/p>\n\n\n\n<p class=\"has-black-color has-text-color has-link-color wp-elements-90ee7e13a520382455ca541afcbf3f52\">Eichendorffstra\u00dfe 13-81, 22-76<\/p>\n\n\n\n<p class=\"has-black-color has-text-color has-link-color wp-elements-4ecc46bfab57019f54a1f3923f88ca0a\">F\u00e4rberstra\u00dfe 1-27, 2-30<\/p>\n\n\n\n<p class=\"has-black-color has-text-color has-link-color wp-elements-b16548e956d4c9f14ac668158f0d54af\">Gaiserplatz 1-3<\/p>\n\n\n\n<p class=\"has-black-color has-text-color has-link-color wp-elements-f4262b42b025edd803d76259d9670d28\">Heimensteinstra\u00dfe 3-9, 4-12<\/p>\n\n\n\n<p class=\"has-black-color has-text-color has-link-color wp-elements-7783e5c6d139e4b4a042cbbb2872946c\">Hermann-Kurz-Stra\u00dfe 12-42\/1, 15-41<\/p>\n\n\n\n<p class=\"has-black-color has-text-color has-link-color wp-elements-c61fc07247ca7fb7b12749c7bd46bf82\">Hindenburgstra\u00dfe 1-45<\/p>\n\n\n\n<p class=\"has-black-color has-text-color has-link-color wp-elements-43bddd6273628f66eb24da0d7651f80f\">H\u00f6henweg<\/p>\n\n\n\n<p class=\"has-black-color has-text-color has-link-color wp-elements-bc2a427a52b91d4b3c1397b31d03b8d3\">H\u00fclenbergstra\u00dfe 5-19, 6-20<\/p>\n<\/div>\n\n\n\n<div class=\"wp-block-column has-black-color has-text-color has-link-color wp-elements-40910fd7aa36a3fa5b25ea72e6b27e98 is-layout-flow wp-block-column-is-layout-flow\">\n<p class=\"has-black-color has-text-color has-link-color wp-elements-a23ee5963c52a9bf2076e4b8cb141079\">Iglauer Weg 1-5, 4-6<\/p>\n\n\n\n<p class=\"has-black-color has-text-color has-link-color wp-elements-5119a6d3e0ca0301a89006d4c8924314\">Jesinger Halde 3.15, 36-36<\/p>\n\n\n\n<p class=\"has-black-color has-text-color has-link-color wp-elements-dff159e42ea97da431edae74564bd463\">Jesinger Stra\u00dfe 1-105, 6-160<\/p>\n\n\n\n<p class=\"has-black-color has-text-color has-link-color wp-elements-e49a65ab6e481b5b692e5f747ddaa9fd\">Karlsbader Stra\u00dfe 1-15, 2-18<\/p>\n\n\n\n<p class=\"has-black-color has-text-color has-link-color wp-elements-b3d320bb2c9843294c11eec67561d1ad\">Klosterstra\u00dfe 1-51, 4-60<\/p>\n\n\n\n<p class=\"has-black-color has-text-color has-link-color wp-elements-1dbd1fa431fd284097b21059060d5ec8\">Krebenstra\u00dfe 6-80, 15-83<\/p>\n\n\n\n<p class=\"has-black-color has-text-color has-link-color wp-elements-f30bb362f441b4833028edefee42db93\">Lichtensteinstra\u00dfe 1-37, 2-28<\/p>\n\n\n\n<p class=\"has-black-color has-text-color has-link-color wp-elements-44a5e3e7a56646c995e7d685e6c2dd06\">Limburgstra\u00dfe 7-71, 16-94<\/p>\n\n\n\n<p class=\"has-black-color has-text-color has-link-color wp-elements-59d27cbf4c7c5013f6fb5283f6b24bb5\">Lindachallee 20-54, 63-63<\/p>\n\n\n\n<p class=\"has-black-color has-text-color has-link-color wp-elements-ad01825dab6e8aa6782c0feaec07b9f5\">Lindenstra\u00dfe 16-38, 29-37<\/p>\n\n\n\n<p class=\"has-black-color has-text-color has-link-color wp-elements-d01e267ff0cebe2429f388a0c2d55c87\">Neuffener Stra\u00dfe 3-15<\/p>\n\n\n\n<p class=\"has-black-color has-text-color has-link-color wp-elements-48e11eb9ac61af59c7cdd2bcd08a1acf\">Nusshans (Gewann) 2-2<\/p>\n\n\n\n<p class=\"has-black-color has-text-color has-link-color wp-elements-dfef5d943165a707e5d7a780108ae020\">Ochseng\u00e4ssle 2-8, 3-3<\/p>\n\n\n\n<p class=\"has-black-color has-text-color has-link-color wp-elements-e83c8b8f1ee817345dd1f8b6cf958042\">\u00d6schweg 4-26, 19-27\/1<\/p>\n\n\n\n<p class=\"has-black-color has-text-color has-link-color wp-elements-7753993989d49478ab0d51f996a8580e\">Randeckstra\u00dfe 2-8, 3-11<\/p>\n\n\n\n<p class=\"has-black-color has-text-color has-link-color wp-elements-941761f40e2945f32909781074e2b6a5\">Raunerstra\u00dfe 34-60, 35-61<\/p>\n<\/div>\n\n\n\n<div class=\"wp-block-column has-black-color has-text-color has-link-color wp-elements-d977545997686e47ef6f3aa7ad5f9618 is-layout-flow wp-block-column-is-layout-flow\">\n<p class=\"has-black-color has-text-color has-link-color wp-elements-74c97e0988713105627b74a30422a01c\">R\u00f6mersteinstra\u00dfe 1-9, 6-18<\/p>\n\n\n\n<p class=\"has-black-color has-text-color has-link-color wp-elements-6a197f5daf6be98c51ab0ea97bb0b5a6\">Roseggerstra\u00dfe 1-21, 2-20<\/p>\n\n\n\n<p class=\"has-black-color has-text-color has-link-color wp-elements-b86af6ac58e2c7a71a0aab637880c1c0\">Schlierbacher Stra\u00dfe 2-200<\/p>\n\n\n\n<p class=\"has-black-color has-text-color has-link-color wp-elements-6d546d10535b1e0d77f562c9259ae705\">Silcherstra\u00dfe 11-49, 14-48<\/p>\n\n\n\n<p class=\"has-black-color has-text-color has-link-color wp-elements-7920ff385876698b54ee6490193a3ddc\">Staufenstra\u00dfe 2-16, 3-9\/1<\/p>\n\n\n\n<p class=\"has-black-color has-text-color has-link-color wp-elements-00f46952a932824583c917496c78e80c\">Steinriegelweg<\/p>\n\n\n\n<p class=\"has-black-color has-text-color has-link-color wp-elements-fbeaeba87bd12d5eb98b73f6dbd3552f\">Stuckerinweg 6-20, 7-7<\/p>\n\n\n\n<p class=\"has-black-color has-text-color has-link-color wp-elements-94abd10405ebcf0bb785f9cdf547f0d3\">Sudetenstra\u00dfe 3-29, 8-142<\/p>\n\n\n\n<p class=\"has-black-color has-text-color has-link-color wp-elements-d3cdf3f7174e0a15b5f862cddb130e99\">Sulzburgstra\u00dfe 1-15, 6-18<\/p>\n\n\n\n<p class=\"has-black-color has-text-color has-link-color wp-elements-b812a431e124df548f3e51f903d4c16d\">Tannenbergstra\u00dfe 1-61<\/p>\n\n\n\n<p class=\"has-black-color has-text-color has-link-color wp-elements-c29949f716e0b6d58e04a204224e1f67\">Teckstra\u00dfe 2-16, 3-21<\/p>\n\n\n\n<p class=\"has-black-color has-text-color has-link-color wp-elements-55c9b753525649860b10ab8107864d6b\">Turmbergstra\u00dfe 1-9<\/p>\n\n\n\n<p class=\"has-black-color has-text-color has-link-color wp-elements-8a51b7494e7b24f60482ff188200971c\">Villastra\u00dfe 2-38, 3-19<\/p>\n\n\n\n<p class=\"has-black-color has-text-color has-link-color wp-elements-9350a1ec7a4fe336c185c44f8f2992dc\">Zur Jesinger Halde<\/p>\n<\/div>\n<\/div>\n\n\n\n<p><\/p>\n","protected":false},"excerpt":{"rendered":"<p>Schulbezirk der Konrad-Widerholt-Grundschule Albert-Schweitzer-Str. 22-30 Alemannenstra\u00dfe 2-28, 3-45 Alleenstra\u00dfe 76-106 Am G\u00e4nskragen 2-16 Armbruststra\u00dfe 23-75, [&hellip;]<\/p>\n","protected":false},"author":1,"featured_media":0,"parent":0,"menu_order":0,"comment_status":"closed","ping_status":"closed","template":"","meta":{"footnotes":""},"class_list":["post-28","page","type-page","status-publish","hentry"],"_links":{"self":[{"href":"https:\/\/kw-grundschule.de\/index.php?rest_route=\/wp\/v2\/pages\/28","targetHints":{"allow":["GET"]}}],"collection":[{"href":"https:\/\/kw-grundschule.de\/index.php?rest_route=\/wp\/v2\/pages"}],"about":[{"href":"https:\/\/kw-grundschule.de\/index.php?rest_route=\/wp\/v2\/types\/page"}],"author":[{"embeddable":true,"href":"https:\/\/kw-grundschule.de\/index.php?rest_route=\/wp\/v2\/users\/1"}],"replies":[{"embeddable":true,"href":"https:\/\/kw-grundschule.de\/index.php?rest_route=%2Fwp%2Fv2%2Fcomments&post=28"}],"version-history":[{"count":5,"href":"https:\/\/kw-grundschule.de\/index.php?rest_route=\/wp\/v2\/pages\/28\/revisions"}],"predecessor-version":[{"id":262,"href":"https:\/\/kw-grundschule.de\/index.php?rest_route=\/wp\/v2\/pages\/28\/revisions\/262"}],"wp:attachment":[{"href":"https:\/\/kw-grundschule.de\/index.php?rest_route=%2Fwp%2Fv2%2Fmedia&parent=28"}],"curies":[{"name":"wp","href":"https:\/\/api.w.org\/{rel}","templated":true}]}}