{"id":227,"date":"2025-07-03T15:53:40","date_gmt":"2025-07-03T14:53:40","guid":{"rendered":"https:\/\/kw-grundschule.de\/?page_id=227"},"modified":"2025-07-03T15:55:38","modified_gmt":"2025-07-03T14:55:38","slug":"impressum","status":"publish","type":"page","link":"https:\/\/kw-grundschule.de\/?page_id=227","title":{"rendered":"Impressum"},"content":{"rendered":"\n<p class=\"has-black-color has-text-color has-link-color has-regular-font-size wp-elements-76c79cda3317eab2685482f0949a8516\">Herausgeber&nbsp;<\/p>\n\n\n\n<p class=\"has-black-color has-text-color has-link-color wp-elements-572497e668b17de82d05135ac2b8fdc1\">Land Baden-W\u00fcrttemberg, vertreten durch Konrad Widerholt Grundschule Kirchheim Teck&nbsp;<\/p>\n\n\n\n<p class=\"has-black-color has-text-color has-link-color wp-elements-9ac00cf961d1ea846fe5a532228b76c6\"><\/p>\n\n\n\n<p class=\"has-black-color has-text-color has-link-color wp-elements-2691aa4284089b2572a0021efd8617de\">Konrad Widerholt Grundschule&nbsp;<\/p>\n\n\n\n<p class=\"has-black-color has-text-color has-link-color wp-elements-f36c13adb237a2be7c701856549ecec5\">Bismarckstra\u00dfe 39<\/p>\n\n\n\n<p class=\"has-black-color has-text-color has-link-color wp-elements-7c53867a8b2e5d013c9db7c92639967d\">73230 Kirchheim unter Teck&nbsp;<\/p>\n\n\n\n<p class=\"has-black-color has-text-color has-link-color wp-elements-39da3b78a1c6350d2aa06afa94a1952e\">Telefon 07021\/920314<\/p>\n\n\n\n<p class=\"has-black-color has-text-color has-link-color wp-elements-1ed557c078d882a957a2526c76bd2efa\">Mail sektretariat@kwgrundschule.de&nbsp;&nbsp;<\/p>\n\n\n\n<p class=\"has-black-color has-text-color has-link-color wp-elements-7761d02fc6548d9421064a57a35b8305\">Vertretungsberechtigte:&nbsp;<\/p>\n\n\n\n<p class=\"has-black-color has-text-color has-link-color wp-elements-8484adf8b0c4a891f430c34e32c619eb\">Petra Englert, rektorat@kwgrundschule.de&nbsp;<\/p>\n\n\n\n<p class=\"has-black-color has-text-color has-link-color wp-elements-9ac00cf961d1ea846fe5a532228b76c6\"><\/p>\n\n\n\n<p class=\"has-black-color has-text-color has-link-color wp-elements-3a83f3439eba08f377f60a4fdc2b82c2\">Verantwortlich im Sinne von \u00a7 55 RStV&nbsp;<\/p>\n\n\n\n<p class=\"has-black-color has-text-color has-link-color wp-elements-33a54aa94cc31bf79a5ee882eac7e880\">Konrad Widerholt Grundschule<\/p>\n\n\n\n<p class=\"has-black-color has-text-color has-link-color wp-elements-8484adf8b0c4a891f430c34e32c619eb\">Petra Englert, rektorat@kwgrundschule.de&nbsp;<\/p>\n\n\n\n<p class=\"has-black-color has-text-color has-link-color wp-elements-9ac00cf961d1ea846fe5a532228b76c6\"><\/p>\n\n\n\n<p class=\"has-black-color has-text-color has-link-color wp-elements-e70e6fef82ae7e4178cb274c6707fef7\"><strong>Haftungsausschluss:<\/strong><\/p>\n\n\n\n<p class=\"has-black-color has-text-color has-link-color wp-elements-d36f23d26d6cd7a9cc1d540453863f44\">Urheberrecht&nbsp;<\/p>\n\n\n\n<p class=\"has-black-color has-text-color has-link-color wp-elements-ed64e3c66d7c66979d085a27028a6436\">Texte, Bilder, Grafiken und Fotos sowie die Gestaltung dieser Internetseiten unterliegen dem Urheberrecht. Sie d\u00fcrfen von Ihnen nur zum privaten und sonstigen eigenen Gebrauch im Rahmen des \u00a7 53 Urheberrechtsgesetz (UrhG) ohne jede \u00c4nderung vervielf\u00e4ltigt werden. Eine Verbreitung von Kopien (analog oder digital) oder\u00a0Ausz\u00fcgen ist nur mit schriftlicher Genehmigung zul\u00e4ssig. Der Nachdruck und die\u00a0Auswertung von Pressemitteilungen und Reden sind mit Quellenangabe gestattet.\u00a0Texte, Bilder, Grafiken und sonstige Materialien k\u00f6nnen ganz oder teilweise dem Urheberrecht Dritter unterliegen. Die Inhalte Dritter sind als solche kenntlich gemacht\u00a0und d\u00fcrfen ohne Einwilligung des Rechteinhabers nicht vervielf\u00e4ltigt, \u00f6ffentlich zug\u00e4nglich gemacht oder \u00f6ffentlich wiedergegeben werden.\u00a0<\/p>\n\n\n\n<p><\/p>\n","protected":false},"excerpt":{"rendered":"<p>Herausgeber&nbsp; Land Baden-W\u00fcrttemberg, vertreten durch Konrad Widerholt Grundschule Kirchheim Teck&nbsp; Konrad Widerholt Grundschule&nbsp; Bismarckstra\u00dfe 39 [&hellip;]<\/p>\n","protected":false},"author":1,"featured_media":0,"parent":0,"menu_order":0,"comment_status":"closed","ping_status":"closed","template":"","meta":{"footnotes":""},"class_list":["post-227","page","type-page","status-publish","hentry"],"_links":{"self":[{"href":"https:\/\/kw-grundschule.de\/index.php?rest_route=\/wp\/v2\/pages\/227","targetHints":{"allow":["GET"]}}],"collection":[{"href":"https:\/\/kw-grundschule.de\/index.php?rest_route=\/wp\/v2\/pages"}],"about":[{"href":"https:\/\/kw-grundschule.de\/index.php?rest_route=\/wp\/v2\/types\/page"}],"author":[{"embeddable":true,"href":"https:\/\/kw-grundschule.de\/index.php?rest_route=\/wp\/v2\/users\/1"}],"replies":[{"embeddable":true,"href":"https:\/\/kw-grundschule.de\/index.php?rest_route=%2Fwp%2Fv2%2Fcomments&post=227"}],"version-history":[{"count":3,"href":"https:\/\/kw-grundschule.de\/index.php?rest_route=\/wp\/v2\/pages\/227\/revisions"}],"predecessor-version":[{"id":231,"href":"https:\/\/kw-grundschule.de\/index.php?rest_route=\/wp\/v2\/pages\/227\/revisions\/231"}],"wp:attachment":[{"href":"https:\/\/kw-grundschule.de\/index.php?rest_route=%2Fwp%2Fv2%2Fmedia&parent=227"}],"curies":[{"name":"wp","href":"https:\/\/api.w.org\/{rel}","templated":true}]}}