{"id":19,"date":"2024-11-07T11:21:07","date_gmt":"2024-11-07T11:21:07","guid":{"rendered":"https:\/\/kwg.staging.ctl4.school\/?page_id=19"},"modified":"2026-02-04T18:45:01","modified_gmt":"2026-02-04T17:45:01","slug":"hausordnung","status":"publish","type":"page","link":"https:\/\/kw-grundschule.de\/?page_id=19","title":{"rendered":"Hausordnung"},"content":{"rendered":"\n<h3 class=\"wp-block-heading has-larger-font-size\">Hausordnung der Konrad-Widerholt-Grundschule Kirchheim\/Teck<\/h3>\n\n\n\n<p class=\"has-black-color has-text-color has-link-color wp-elements-bfd7d67d0cf97e9be1d0aef85ccc2a09\"><strong>Konrad-Widerholt-Grundschule Kirchheim\/Teck<\/strong><\/p>\n\n\n\n<p class=\"has-black-color has-text-color has-link-color wp-elements-0c910fff91a989c55ca34cd0c05372f4\"><strong>Hausordnung<\/strong><\/p>\n\n\n\n<p class=\"has-black-color has-text-color has-link-color wp-elements-aa2befa6c9c687a14ae2265372b40f21\">Sch\u00fcler, Lehrer, Betreuer, Eltern, Besucher und sonstige Nutzer der Schule kommen gut miteinander aus, wenn alle folgendes beachten:<\/p>\n\n\n\n<ol class=\"wp-block-list\">\n<li class=\"has-black-color has-text-color has-link-color wp-elements-badb73e69a23264adfc8e5b677a61b6b\"><strong>Schulgel\u00e4nde<\/strong><\/li>\n<\/ol>\n\n\n\n<p class=\"has-black-color has-text-color has-link-color wp-elements-64bc042814080e75318aeaef2912532f\">Das Schulgeb\u00e4ude, der Schulhof, die Laufbahn, die Sprunggrube, der Fu\u00dfballplatz, die Spielger\u00e4te und der Schulgarten geh\u00f6ren zu unserer Schule. In diesem Bereich gilt die Hausordnung. Die Schulleitung, die Lehrer und der Hausmeister besitzen hier Hausrecht. Hausrecht hei\u00dft: Bei Nichtbeachten der Hausordnung kann vom Schulgel\u00e4nde verwiesen werden.<\/p>\n\n\n\n<p class=\"has-black-color has-text-color has-link-color wp-elements-fdbe27389de68315591aeb008d65d85e\">Jeder hilft mit, das Schulgel\u00e4nde sauber zu halten.<\/p>\n\n\n\n<ol start=\"2\" class=\"wp-block-list\">\n<li class=\"has-black-color has-text-color has-link-color wp-elements-52c4e4c86473e554a411b95586965e47\"><strong>Aufsicht<\/strong><\/li>\n<\/ol>\n\n\n\n<p class=\"has-black-color has-text-color has-link-color wp-elements-c7ba8f16540df23548c2358df3904b53\">W\u00e4hrend der Schulzeit von 7:30 Uhr bis 16:00 Uhr haben die Lehrer und Betreuer die Pflicht und das Recht \u00fcber jeden Sch\u00fcler die Aufsicht auszu\u00fcben.&nbsp;<\/p>\n\n\n\n<p class=\"has-black-color has-text-color has-link-color wp-elements-e687c5ebb3c36468d28ab4a9f341bc01\">&nbsp;&nbsp; &nbsp; Den Anweisungen der Lehrkr\u00e4fte und Betreuer ist Folge zu leisten.<\/p>\n\n\n\n<p class=\"has-black-color has-text-color has-link-color wp-elements-70e56bba0506c34e0fb98b96fb0a832b\">W\u00e4hrend der Schulzeit darf ein Sch\u00fcler das Schulgel\u00e4nde nicht ohne ausdr\u00fcckliche Genehmigung der Aufsichtsperson verlassen. Nach Unterrichtsschluss bzw. Ende der Betreuungszeit endet die Aufsichtspflicht der Lehrkr\u00e4fte und Betreuer.&nbsp;<\/p>\n\n\n\n<ol start=\"3\" class=\"wp-block-list\">\n<li class=\"has-black-color has-text-color has-link-color wp-elements-f1d10c10b0f8b480019847f45e760330\"><strong>Verhalten im Schulhaus<\/strong><\/li>\n<\/ol>\n\n\n\n<p class=\"has-black-color has-text-color has-link-color wp-elements-7972fd9b735869df8a46da9cab48d96f\">Der Schulbetrieb erfordert Ruhe, deshalb verhalten sich alle leise. Im Schulhaus herrscht Ruhe. Jeder Sch\u00fcler soll erst 10 Minuten vor dem Unterrichtsbeginn da sein. Erst mit dem L\u00e4uten um 7:30 Uhr darf das Schulhaus betreten werden. Ausnahme sind die Kinder in der Kernzeitbetreuung.&nbsp;<\/p>\n\n\n\n<p class=\"has-black-color has-text-color has-link-color wp-elements-f61227206f0f77e70e891578e1199567\">Werden Kinder zur Schule gebracht, gehen sie ab Betreten des Schulgel\u00e4ndes alleine bis zum Klassenzimmer.<\/p>\n\n\n\n<p class=\"has-black-color has-text-color has-link-color wp-elements-24e18619a6a59f681d798610d231fd3c\">Eltern halten sich nur in Ausnahmef\u00e4llen im Schulhaus auf.&nbsp;<\/p>\n\n\n\n<p class=\"has-black-color has-text-color has-link-color wp-elements-c49372b5f06be32118c27452c652ca78\">Ausnahmen: Informationen an den Lehrer, Erledigungen im Rektorat oder Sekretariat.<\/p>\n\n\n\n<p class=\"has-black-color has-text-color has-link-color wp-elements-3fcb500df1f97b1522acad7aa76f3079\">Um die Sicherheit Ihrer Kinder zu gew\u00e4hrleisten sollten die Kinder nicht im Schulhaus, sondern am Tor in der Armbruststra\u00dfe bzw. am Ausgang Bismarckstra\u00dfe abgeholt werden.<\/p>\n\n\n\n<ol start=\"4\" class=\"wp-block-list\">\n<li class=\"has-black-color has-text-color has-link-color wp-elements-d16c586a06ad8558154097cd746fb9c4\"><strong>Verbote<\/strong><\/li>\n<\/ol>\n\n\n\n<p class=\"has-black-color has-text-color has-link-color wp-elements-9fd8991ed2691db9bcc4c3f710bdc062\">Im gesamten Schulbereich verhalten sich die Sch\u00fcler so, dass niemand zu Schaden kommt.<\/p>\n\n\n\n<p class=\"has-black-color has-text-color has-link-color wp-elements-acf9612c0554711e69964420c98be7b9\">Das Tor am Ausgang zur Armbruststra\u00dfe und s\u00e4mtliche Gel\u00e4nder sind keine Spielger\u00e4te. Hier ist das Herumklettern streng verboten.<\/p>\n\n\n\n<p class=\"has-black-color has-text-color has-link-color wp-elements-aa22040b8edd3c742e5df0f1e2db41aa\">Das Mitbringen von gef\u00e4hrlichen Gegenst\u00e4nden, wie z.B. Streichh\u00f6lzern, Feuerzeugen, Knallk\u00f6rpern, Messern und Waffen aller Art ist verboten.<\/p>\n\n\n\n<p class=\"has-black-color has-text-color has-link-color wp-elements-112edb1e375137aede53491f9aef85fa\">Kaugummi ist im gesamten Schulbereich untersagt.<\/p>\n\n\n\n<p class=\"has-black-color has-text-color has-link-color wp-elements-4da4cc7aaceae3360360fe6693146f8d\">Nicht erlaubt sind auch s\u00e4mtliche elektronischen Ger\u00e4te wie z.B. MP3-Player oder Spielkonsolen (Handys nur ausgeschaltet in der Schultasche, Smartwatches mit SIM-Karte, Ortungsfunktion, Aufnahmefunktion oder Kamerafunktion nur ausgeschaltet in der Schultasche).&nbsp;<\/p>\n\n\n\n<p class=\"has-black-color has-text-color has-link-color wp-elements-f2d2928b330c905a13a6bc03e43e2645\">Inliner, Cityroller und \u00e4hnliches sind im Schulhaus verboten.<\/p>\n\n\n\n<p class=\"has-black-color has-text-color has-link-color wp-elements-4c46f28f41ec9e4f43e4bfedf61c4d38\">Auf dem gesamten Schulgel\u00e4nde sind Fahrr\u00e4der generell verboten.<\/p>\n\n\n\n<p class=\"has-black-color has-text-color has-link-color wp-elements-8d74d9a1ffcc9f88e556e3e4feb27f9a\">Filmen und Fotografieren bei schulischen Veranstaltungen ist aus Datenschutzgr\u00fcnden nur mit ausdr\u00fccklicher Genehmigung m\u00f6glich.<\/p>\n\n\n\n<ol start=\"5\" class=\"wp-block-list\">\n<li class=\"has-black-color has-text-color has-link-color wp-elements-ab930c05e0b185c7e20fbb27b1e3768e\"><strong>Fundgegenst\u00e4nde\u00a0<\/strong><\/li>\n<\/ol>\n\n\n\n<p class=\"has-black-color has-text-color has-link-color wp-elements-69b9c40a24ac9476fa587145645ea5d3\">Fundgegenst\u00e4nde sind beim Hausmeister oder bei den Klassenlehrern abzugeben bzw. abzuholen.<\/p>\n\n\n\n<ol start=\"6\" class=\"wp-block-list\">\n<li class=\"has-black-color has-text-color has-link-color wp-elements-4395511ce2aa1f3ec5121a720883eede\"><strong>Lehrerzimmer<\/strong><\/li>\n<\/ol>\n\n\n\n<p class=\"has-black-color has-text-color has-link-color wp-elements-35116abcb6cf79a22d34bd3546d80d91\">Das Lehrerzimmer wird von einem Sch\u00fcler nur nach ausdr\u00fccklicher Aufforderung betreten.<\/p>\n\n\n\n<ol start=\"7\" class=\"wp-block-list\">\n<li class=\"has-black-color has-text-color has-link-color wp-elements-3fcd79ab24581f7b75306ea21971cc4f\"><strong>Parkplatz<\/strong><\/li>\n<\/ol>\n\n\n\n<p class=\"has-black-color has-text-color has-link-color wp-elements-b7cba604a1060900e1c0b33e01f1cf74\">Auf dem Parkplatz der Konrad-Widerholt-Stammschule und der Au\u00dfenstelle Schafhof darf nur mit dem von der Schulleitung ausgestellten Berechtigungsschein geparkt werden.<\/p>\n\n\n\n<ol start=\"8\" class=\"wp-block-list\">\n<li class=\"has-black-color has-text-color has-link-color wp-elements-f27a90af81c91c39d3aa6cb32e129545\"><strong>Rauch- und Alkoholverbot<\/strong><\/li>\n<\/ol>\n\n\n\n<p class=\"has-black-color has-text-color has-link-color wp-elements-88119a1a83908a848b0be5b5349c4957\">Im gesamten Schulbereich gilt f\u00fcr alle Personen Rauch- und Alkoholverbot.<\/p>\n\n\n\n<ol start=\"9\" class=\"wp-block-list\">\n<li class=\"has-black-color has-text-color has-link-color wp-elements-8706cb9f6a6db0ed7879255d832b1ae0\"><strong>Schulhof<\/strong><\/li>\n<\/ol>\n\n\n\n<p class=\"has-black-color has-text-color has-link-color wp-elements-fb601f7e0a50bd2cd65ddfa71894946c\">Von 7:30 Uhr bis 16:00 Uhr d\u00fcrfen sich auf dem Schulhof ausschlie\u00dflich Kinder aufhalten, die Unterricht haben.<\/p>\n\n\n\n<h2 class=\"wp-block-heading has-black-color has-text-color has-link-color wp-elements-35d02c1d4d79062d8355cd64a1da5dfe\"><strong><mark style=\"background-color:rgba(0, 0, 0, 0)\" class=\"has-inline-color has-brown-color\">Schafhof<\/mark><\/strong><\/h2>\n\n\n\n<p class=\"has-black-color has-text-color has-link-color wp-elements-557e44ca664fc53188dab992e5c3f606\">Auf dem Schafhof gelten <strong>zus\u00e4tzlich <\/strong>folgende abweichende Regelungen:<\/p>\n\n\n\n<p class=\"has-black-color has-text-color has-link-color wp-elements-041b575b0c366053d1b0f934d9a5cf31\">Bereich <strong>\u201eVerhalten im Schulhaus\u201c<\/strong><\/p>\n\n\n\n<p class=\"has-black-color has-text-color has-link-color wp-elements-7d9e21f8ef55b8012c7815723e39ff22\">Tor Armbruststra\u00dfe entf\u00e4llt.<\/p>\n\n\n\n<p class=\"has-black-color has-text-color has-link-color wp-elements-265ccd66ec6581ef4d18841df0d6f60f\">Bereich <strong>\u201eFundgegenst\u00e4nde\u201c<\/strong><\/p>\n\n\n\n<p class=\"has-black-color has-text-color has-link-color wp-elements-f4e165017384bc06dddf3a3013820a6e\">Fundgegenst\u00e4nde sind nur bei den Klassenlehrern abzugeben und&nbsp;<\/p>\n\n\n\n<p class=\"has-black-color has-text-color has-link-color wp-elements-786668c6242833ad8805702aa67e811f\">einzusehen.<\/p>\n\n\n\n<p class=\"has-black-color has-text-color has-link-color wp-elements-f59fde13f314a62105564753ae15210a\"><strong>Bereich \u201eSchulgel\u00e4nde\u201c<\/strong><\/p>\n\n\n\n<p class=\"has-black-color has-text-color has-link-color wp-elements-1540c9fef8206fe2a0d13296ced332b5\">Dazu geh\u00f6ren Schulgeb\u00e4ude, Pausenhof, Bolzplatz, Lehrerparkplatz.<\/p>\n\n\n\n<p class=\"has-black-color has-text-color has-link-color wp-elements-2a8eb56cd7d4d7f62d538a9f9863efaf\">Fu\u00dfballspielen ist auf dem Pausenhof untersagt.<\/p>\n\n\n\n<p class=\"has-black-color has-text-color has-link-color wp-elements-f39c7a40e063aca24529d36b07a8de64\">Um den Textfluss nicht zu st\u00f6ren, wurde bei Sch\u00fclern und Berufsbezeichnungen die grammatikalisch maskuline Form gew\u00e4hlt. Selbstverst\u00e4ndlich sind in diesen F\u00e4llen immer&nbsp;<\/p>\n\n\n\n<p class=\"has-black-color has-text-color has-link-color wp-elements-eb55b2b7795efe232e56fb0b12530c04\">M\u00e4dchen und Jungen bzw. Frauen und M\u00e4nner gemeint.<\/p>\n\n\n\n<p><\/p>\n\n\n\n<p>Schulleitung, Lehrerkollegium und Schulkonferenz der Konrad-Widerholt-Grundschule<\/p>\n\n\n\n<p><\/p>\n\n\n\n<p><\/p>\n\n\n\n<p><\/p>\n","protected":false},"excerpt":{"rendered":"<p>Hausordnung der Konrad-Widerholt-Grundschule Kirchheim\/Teck Konrad-Widerholt-Grundschule Kirchheim\/Teck Hausordnung Sch\u00fcler, Lehrer, Betreuer, Eltern, Besucher und sonstige Nutzer [&hellip;]<\/p>\n","protected":false},"author":1,"featured_media":0,"parent":0,"menu_order":0,"comment_status":"closed","ping_status":"closed","template":"","meta":{"footnotes":""},"class_list":["post-19","page","type-page","status-publish","hentry"],"_links":{"self":[{"href":"https:\/\/kw-grundschule.de\/index.php?rest_route=\/wp\/v2\/pages\/19","targetHints":{"allow":["GET"]}}],"collection":[{"href":"https:\/\/kw-grundschule.de\/index.php?rest_route=\/wp\/v2\/pages"}],"about":[{"href":"https:\/\/kw-grundschule.de\/index.php?rest_route=\/wp\/v2\/types\/page"}],"author":[{"embeddable":true,"href":"https:\/\/kw-grundschule.de\/index.php?rest_route=\/wp\/v2\/users\/1"}],"replies":[{"embeddable":true,"href":"https:\/\/kw-grundschule.de\/index.php?rest_route=%2Fwp%2Fv2%2Fcomments&post=19"}],"version-history":[{"count":6,"href":"https:\/\/kw-grundschule.de\/index.php?rest_route=\/wp\/v2\/pages\/19\/revisions"}],"predecessor-version":[{"id":310,"href":"https:\/\/kw-grundschule.de\/index.php?rest_route=\/wp\/v2\/pages\/19\/revisions\/310"}],"wp:attachment":[{"href":"https:\/\/kw-grundschule.de\/index.php?rest_route=%2Fwp%2Fv2%2Fmedia&parent=19"}],"curies":[{"name":"wp","href":"https:\/\/api.w.org\/{rel}","templated":true}]}}