{"id":178,"date":"2025-01-27T14:27:10","date_gmt":"2025-01-27T13:27:10","guid":{"rendered":"https:\/\/kw-grundschule.de\/?page_id=178"},"modified":"2025-01-27T14:27:10","modified_gmt":"2025-01-27T13:27:10","slug":"paedagogische-assistentin","status":"publish","type":"page","link":"https:\/\/kw-grundschule.de\/?page_id=178","title":{"rendered":"P\u00e4dagogische Assistentin"},"content":{"rendered":"\n<p><\/p>\n\n\n\n<p class=\"has-black-color has-text-color has-link-color wp-elements-fbfff2b45aace0ba7c5dd44241dad23c\"><strong>Aktuelle P\u00e4dagogische Assistentin:<\/strong> Susanne Hastenteufel<\/p>\n\n\n\n<p class=\"has-black-color has-text-color has-link-color wp-elements-fe9c62da874d23ff15b85ab11a05ba67\"><strong>Aufgaben der P\u00e4dagogischen Assistentin<\/strong><\/p>\n\n\n\n<p class=\"has-black-color has-text-color has-link-color wp-elements-146b0d55d1a63a688d7688d37a8abf23\">&#8211; Betreuung einzelner Sch\u00fcler oder Kleingruppen, insbesondere von Kindern mit F\u00f6rderbedarf<\/p>\n\n\n\n<p class=\"has-black-color has-text-color has-link-color wp-elements-adc8c9014a8e575ec7eefcd3ea6f727d\">&#8211; Hilfe bei der Umsetzung von Unterrichtsinhalten<\/p>\n\n\n\n<p class=\"has-black-color has-text-color has-link-color wp-elements-3bc1f3741ac52bcdfb22b5d621ddd68f\">&#8211; Unterst\u00fctzung bei Projekten, AG`s<\/p>\n\n\n\n<p class=\"has-black-color has-text-color has-link-color wp-elements-c45563fe81a452e68e80a77d7f1a53bb\">&#8211; individuelle F\u00f6rderung von Sch\u00fclern allgemein<\/p>\n\n\n\n<p class=\"has-black-color has-text-color has-link-color wp-elements-f9a136c7f5850f8770ddec3beddb78fa\">&nbsp;&#8211; Beaufsichtigung<\/p>\n\n\n\n<p class=\"has-black-color has-text-color has-link-color wp-elements-9550cb18fb2a47b20c712ded54c0ef91\">&#8211;&nbsp; Begleitung bei Ausfl\u00fcgen\/Schulveranstaltungen<\/p>\n\n\n\n<p class=\"has-black-color has-text-color has-link-color wp-elements-78ade6a985973194e88404135ba54dc8\">&#8211; Vorbereitung\/Unterst\u00fctzung von Unterrichtsmaterialien sowie administrative Aufgaben<\/p>\n\n\n\n<p><\/p>\n","protected":false},"excerpt":{"rendered":"<p>Aktuelle P\u00e4dagogische Assistentin: Susanne Hastenteufel Aufgaben der P\u00e4dagogischen Assistentin &#8211; Betreuung einzelner Sch\u00fcler oder Kleingruppen, [&hellip;]<\/p>\n","protected":false},"author":1,"featured_media":0,"parent":0,"menu_order":0,"comment_status":"closed","ping_status":"closed","template":"","meta":{"footnotes":""},"class_list":["post-178","page","type-page","status-publish","hentry"],"_links":{"self":[{"href":"https:\/\/kw-grundschule.de\/index.php?rest_route=\/wp\/v2\/pages\/178","targetHints":{"allow":["GET"]}}],"collection":[{"href":"https:\/\/kw-grundschule.de\/index.php?rest_route=\/wp\/v2\/pages"}],"about":[{"href":"https:\/\/kw-grundschule.de\/index.php?rest_route=\/wp\/v2\/types\/page"}],"author":[{"embeddable":true,"href":"https:\/\/kw-grundschule.de\/index.php?rest_route=\/wp\/v2\/users\/1"}],"replies":[{"embeddable":true,"href":"https:\/\/kw-grundschule.de\/index.php?rest_route=%2Fwp%2Fv2%2Fcomments&post=178"}],"version-history":[{"count":1,"href":"https:\/\/kw-grundschule.de\/index.php?rest_route=\/wp\/v2\/pages\/178\/revisions"}],"predecessor-version":[{"id":179,"href":"https:\/\/kw-grundschule.de\/index.php?rest_route=\/wp\/v2\/pages\/178\/revisions\/179"}],"wp:attachment":[{"href":"https:\/\/kw-grundschule.de\/index.php?rest_route=%2Fwp%2Fv2%2Fmedia&parent=178"}],"curies":[{"name":"wp","href":"https:\/\/api.w.org\/{rel}","templated":true}]}}