{"id":145,"date":"2024-11-18T15:46:58","date_gmt":"2024-11-18T14:46:58","guid":{"rendered":"https:\/\/kwg.staging.ctl4.school\/?page_id=145"},"modified":"2025-12-08T17:04:18","modified_gmt":"2025-12-08T16:04:18","slug":"unsere-schule","status":"publish","type":"page","link":"https:\/\/kw-grundschule.de\/?page_id=145","title":{"rendered":"Unsere Schule"},"content":{"rendered":"\n<blockquote class=\"wp-block-quote is-layout-flow wp-block-quote-is-layout-flow\">\n<p class=\"has-brown-color has-text-color has-link-color wp-elements-cf474b03f439714b6914c74a178ead47\">Die Stadtschule an der Bismarckstra\u00dfe wurde 1972 gebaut. 1987 wurde sie durch die Au\u00dfenstelle auf dem Schafhof erg\u00e4nzt. Insgesamt besuchen zur Zeit ungef\u00e4hr 250 Kinder die Schule, davon werden 95 Kinder auf dem Schafhof unterrichtet. Unsere Schule ist eine Ganztagesschule mit momentan acht Ganztagesklassen (Stand Oktober 2023).&nbsp;Seit 2007 gibt es an der Konrad-Widerholt-Schule eine Mensa, in der die Kinder der Ganztagesschule und der F\u00f6rderschule ihr Mittagessen einnehmen k\u00f6nnen.<\/p>\n<\/blockquote>\n\n\n\n<figure class=\"wp-block-gallery has-nested-images columns-default is-cropped wp-block-gallery-1 is-layout-flex wp-block-gallery-is-layout-flex\">\n<figure class=\"wp-block-image size-large\"><img loading=\"lazy\" decoding=\"async\" width=\"768\" height=\"1024\" data-id=\"287\" src=\"https:\/\/kw-grundschule.de\/wp-content\/uploads\/2025\/12\/Gross-IMG_2159-768x1024.jpeg\" alt=\"\" class=\"wp-image-287\" srcset=\"https:\/\/kw-grundschule.de\/wp-content\/uploads\/2025\/12\/Gross-IMG_2159-768x1024.jpeg 768w, https:\/\/kw-grundschule.de\/wp-content\/uploads\/2025\/12\/Gross-IMG_2159-225x300.jpeg 225w, https:\/\/kw-grundschule.de\/wp-content\/uploads\/2025\/12\/Gross-IMG_2159.jpeg 960w\" sizes=\"auto, (max-width: 768px) 100vw, 768px\" \/><\/figure>\n\n\n\n<figure class=\"wp-block-image size-large\"><img loading=\"lazy\" decoding=\"async\" width=\"768\" height=\"1024\" data-id=\"285\" src=\"https:\/\/kw-grundschule.de\/wp-content\/uploads\/2025\/12\/Gross-IMG_2162-768x1024.jpeg\" alt=\"\" class=\"wp-image-285\" srcset=\"https:\/\/kw-grundschule.de\/wp-content\/uploads\/2025\/12\/Gross-IMG_2162-768x1024.jpeg 768w, https:\/\/kw-grundschule.de\/wp-content\/uploads\/2025\/12\/Gross-IMG_2162-225x300.jpeg 225w, https:\/\/kw-grundschule.de\/wp-content\/uploads\/2025\/12\/Gross-IMG_2162.jpeg 960w\" sizes=\"auto, (max-width: 768px) 100vw, 768px\" \/><\/figure>\n\n\n\n<figure class=\"wp-block-image size-large\"><img loading=\"lazy\" decoding=\"async\" width=\"768\" height=\"1024\" data-id=\"283\" src=\"https:\/\/kw-grundschule.de\/wp-content\/uploads\/2025\/12\/Gross-IMG_2156-768x1024.jpeg\" alt=\"\" class=\"wp-image-283\" srcset=\"https:\/\/kw-grundschule.de\/wp-content\/uploads\/2025\/12\/Gross-IMG_2156-768x1024.jpeg 768w, https:\/\/kw-grundschule.de\/wp-content\/uploads\/2025\/12\/Gross-IMG_2156-225x300.jpeg 225w, https:\/\/kw-grundschule.de\/wp-content\/uploads\/2025\/12\/Gross-IMG_2156.jpeg 960w\" sizes=\"auto, (max-width: 768px) 100vw, 768px\" \/><\/figure>\n<\/figure>\n\n\n\n<figure class=\"wp-block-image alignwide size-large\"><img loading=\"lazy\" decoding=\"async\" width=\"1024\" height=\"768\" src=\"https:\/\/kw-grundschule.de\/wp-content\/uploads\/2025\/12\/Gross-IMG_2166-1024x768.jpeg\" alt=\"\" class=\"wp-image-288\" srcset=\"https:\/\/kw-grundschule.de\/wp-content\/uploads\/2025\/12\/Gross-IMG_2166-1024x768.jpeg 1024w, https:\/\/kw-grundschule.de\/wp-content\/uploads\/2025\/12\/Gross-IMG_2166-300x225.jpeg 300w, https:\/\/kw-grundschule.de\/wp-content\/uploads\/2025\/12\/Gross-IMG_2166-768x576.jpeg 768w, https:\/\/kw-grundschule.de\/wp-content\/uploads\/2025\/12\/Gross-IMG_2166.jpeg 1280w\" sizes=\"auto, (max-width: 1024px) 100vw, 1024px\" \/><\/figure>\n","protected":false},"excerpt":{"rendered":"<p>Die Stadtschule an der Bismarckstra\u00dfe wurde 1972 gebaut. 1987 wurde sie durch die Au\u00dfenstelle auf [&hellip;]<\/p>\n","protected":false},"author":1,"featured_media":0,"parent":0,"menu_order":0,"comment_status":"closed","ping_status":"closed","template":"","meta":{"footnotes":""},"class_list":["post-145","page","type-page","status-publish","hentry"],"_links":{"self":[{"href":"https:\/\/kw-grundschule.de\/index.php?rest_route=\/wp\/v2\/pages\/145","targetHints":{"allow":["GET"]}}],"collection":[{"href":"https:\/\/kw-grundschule.de\/index.php?rest_route=\/wp\/v2\/pages"}],"about":[{"href":"https:\/\/kw-grundschule.de\/index.php?rest_route=\/wp\/v2\/types\/page"}],"author":[{"embeddable":true,"href":"https:\/\/kw-grundschule.de\/index.php?rest_route=\/wp\/v2\/users\/1"}],"replies":[{"embeddable":true,"href":"https:\/\/kw-grundschule.de\/index.php?rest_route=%2Fwp%2Fv2%2Fcomments&post=145"}],"version-history":[{"count":7,"href":"https:\/\/kw-grundschule.de\/index.php?rest_route=\/wp\/v2\/pages\/145\/revisions"}],"predecessor-version":[{"id":303,"href":"https:\/\/kw-grundschule.de\/index.php?rest_route=\/wp\/v2\/pages\/145\/revisions\/303"}],"wp:attachment":[{"href":"https:\/\/kw-grundschule.de\/index.php?rest_route=%2Fwp%2Fv2%2Fmedia&parent=145"}],"curies":[{"name":"wp","href":"https:\/\/api.w.org\/{rel}","templated":true}]}}